{"id":1680,"date":"2024-10-02T09:30:14","date_gmt":"2024-10-02T09:30:14","guid":{"rendered":"https:\/\/www.amigospouponniere.org\/contacto\/"},"modified":"2025-05-15T09:51:21","modified_gmt":"2025-05-15T09:51:21","slug":"contacto","status":"publish","type":"page","link":"https:\/\/www.amigospouponniere.org\/fr\/contacto\/","title":{"rendered":"Contact"},"content":{"rendered":"\t\t<div data-elementor-type=\"wp-page\" data-elementor-id=\"1680\" class=\"elementor elementor-1680 elementor-712\" data-elementor-post-type=\"page\">\n\t\t\t\t<div class=\"elementor-element elementor-element-67e41c9c e-flex e-con-boxed e-con e-parent\" data-id=\"67e41c9c\" data-element_type=\"container\" data-e-type=\"container\" data-settings=\"{&quot;background_background&quot;:&quot;classic&quot;}\">\n\t\t\t\t\t<div class=\"e-con-inner\">\n\t\t\t\t<div class=\"elementor-element elementor-element-523b07e elementor-widget elementor-widget-heading\" data-id=\"523b07e\" data-element_type=\"widget\" data-e-type=\"widget\" data-widget_type=\"heading.default\">\n\t\t\t\t<div class=\"elementor-widget-container\">\n\t\t\t\t\t<h2 class=\"elementor-heading-title elementor-size-default\">Contacto<\/h2>\t\t\t\t<\/div>\n\t\t\t\t<\/div>\n\t\t\t\t\t<\/div>\n\t\t\t\t<\/div>\n\t\t<div class=\"elementor-element elementor-element-5debb04 e-flex e-con-boxed e-con e-parent\" data-id=\"5debb04\" data-element_type=\"container\" data-e-type=\"container\">\n\t\t\t\t\t<div class=\"e-con-inner\">\n\t\t<div class=\"elementor-element elementor-element-ad50391 e-con-full e-flex e-con e-child\" data-id=\"ad50391\" data-element_type=\"container\" data-e-type=\"container\">\n\t\t\t\t<div class=\"elementor-element elementor-element-b90d8d0 elementor-widget elementor-widget-heading\" data-id=\"b90d8d0\" data-element_type=\"widget\" data-e-type=\"widget\" data-widget_type=\"heading.default\">\n\t\t\t\t<div class=\"elementor-widget-container\">\n\t\t\t\t\t<h1 class=\"elementor-heading-title elementor-size-default\">Cont\u00e1ctanos, Juntos podemos marcar la diferencia\n<\/h1>\t\t\t\t<\/div>\n\t\t\t\t<\/div>\n\t\t\t\t<div class=\"elementor-element elementor-element-8a2cae2 elementor-widget elementor-widget-text-editor\" data-id=\"8a2cae2\" data-element_type=\"widget\" data-e-type=\"widget\" data-widget_type=\"text-editor.default\">\n\t\t\t\t<div class=\"elementor-widget-container\">\n\t\t\t\t\t\t\t\t\t<p>Si tienes preguntas sobre nuestros proyectos, eventos o c\u00f3mo colaborar con la Fundaci\u00f3n Amigos de la Pouponni\u00e8re, estamos aqu\u00ed para ayudarte.<\/p><p>No dudes en escribirnos, estaremos encantados de responder a todas tus consultas.<\/p>\t\t\t\t\t\t\t\t<\/div>\n\t\t\t\t<\/div>\n\t\t\t\t<div class=\"elementor-element elementor-element-9c1a43b elementor-icon-list--layout-traditional elementor-list-item-link-full_width elementor-widget elementor-widget-icon-list\" data-id=\"9c1a43b\" data-element_type=\"widget\" data-e-type=\"widget\" data-widget_type=\"icon-list.default\">\n\t\t\t\t<div class=\"elementor-widget-container\">\n\t\t\t\t\t\t\t<ul class=\"elementor-icon-list-items\">\n\t\t\t\t\t\t\t<li class=\"elementor-icon-list-item\">\n\t\t\t\t\t\t\t\t\t\t\t<a href=\"mailto:hola@amigospouponniere.org\">\n\n\t\t\t\t\t\t\t\t\t\t\t\t<span class=\"elementor-icon-list-icon\">\n\t\t\t\t\t\t\t<svg aria-hidden=\"true\" class=\"e-font-icon-svg e-fas-child\" viewBox=\"0 0 384 512\" xmlns=\"http:\/\/www.w3.org\/2000\/svg\"><path d=\"M120 72c0-39.765 32.235-72 72-72s72 32.235 72 72c0 39.764-32.235 72-72 72s-72-32.236-72-72zm254.627 1.373c-12.496-12.497-32.758-12.497-45.254 0L242.745 160H141.254L54.627 73.373c-12.496-12.497-32.758-12.497-45.254 0-12.497 12.497-12.497 32.758 0 45.255L104 213.254V480c0 17.673 14.327 32 32 32h16c17.673 0 32-14.327 32-32V368h16v112c0 17.673 14.327 32 32 32h16c17.673 0 32-14.327 32-32V213.254l94.627-94.627c12.497-12.497 12.497-32.757 0-45.254z\"><\/path><\/svg>\t\t\t\t\t\t<\/span>\n\t\t\t\t\t\t\t\t\t\t<span class=\"elementor-icon-list-text\">hola@amigospouponniere.org<\/span>\n\t\t\t\t\t\t\t\t\t\t\t<\/a>\n\t\t\t\t\t\t\t\t\t<\/li>\n\t\t\t\t\t\t<\/ul>\n\t\t\t\t\t\t<\/div>\n\t\t\t\t<\/div>\n\t\t\t\t<\/div>\n\t\t<div class=\"elementor-element elementor-element-782e6f1 e-con-full e-flex e-con e-child\" data-id=\"782e6f1\" data-element_type=\"container\" data-e-type=\"container\">\n\t\t\t\t<div class=\"elementor-element elementor-element-e010770 elementor-button-align-stretch elementor-widget elementor-widget-form\" data-id=\"e010770\" data-element_type=\"widget\" data-e-type=\"widget\" data-settings=\"{&quot;step_next_label&quot;:&quot;Siguiente&quot;,&quot;step_previous_label&quot;:&quot;Anterior&quot;,&quot;button_width&quot;:&quot;100&quot;,&quot;step_type&quot;:&quot;number_text&quot;,&quot;step_icon_shape&quot;:&quot;circle&quot;}\" data-widget_type=\"form.default\">\n\t\t\t\t<div class=\"elementor-widget-container\">\n\t\t\t\t\t\t\t<form class=\"elementor-form\" method=\"post\" name=\"Donaciones\" aria-label=\"Donaciones\">\n\t\t\t<input type=\"hidden\" name=\"post_id\" value=\"1680\"\/>\n\t\t\t<input type=\"hidden\" name=\"form_id\" value=\"e010770\"\/>\n\t\t\t<input type=\"hidden\" name=\"referer_title\" value=\"Contacta con la Fundaci\u00f3n | Fundaci\u00f3n Amigos de la Pouponni\u00e8re\" \/>\n\n\t\t\t\t\t\t\t<input type=\"hidden\" name=\"queried_id\" value=\"1680\"\/>\n\t\t\t\n\t\t\t<div class=\"elementor-form-fields-wrapper elementor-labels-\">\n\t\t\t\t\t\t\t\t<div class=\"elementor-field-type-text elementor-field-group elementor-column elementor-field-group-name elementor-col-100 elementor-field-required\">\n\t\t\t\t\t\t\t\t\t\t\t\t<label for=\"form-field-name\" class=\"elementor-field-label elementor-screen-only\">\n\t\t\t\t\t\t\t\tNombre\t\t\t\t\t\t\t<\/label>\n\t\t\t\t\t\t\t\t\t\t\t\t\t\t<input size=\"1\" type=\"text\" name=\"form_fields[name]\" id=\"form-field-name\" class=\"elementor-field elementor-size-sm  elementor-field-textual\" placeholder=\"Nombre\" required=\"required\">\n\t\t\t\t\t\t\t\t\t\t\t<\/div>\n\t\t\t\t\t\t\t\t<div class=\"elementor-field-type-text elementor-field-group elementor-column elementor-field-group-field_98c3cb3 elementor-col-100\">\n\t\t\t\t\t\t\t\t\t\t\t\t<label for=\"form-field-field_98c3cb3\" class=\"elementor-field-label elementor-screen-only\">\n\t\t\t\t\t\t\t\tApellidos\t\t\t\t\t\t\t<\/label>\n\t\t\t\t\t\t\t\t\t\t\t\t\t\t<input size=\"1\" type=\"text\" name=\"form_fields[field_98c3cb3]\" id=\"form-field-field_98c3cb3\" class=\"elementor-field elementor-size-sm  elementor-field-textual\" placeholder=\"Apellidos\">\n\t\t\t\t\t\t\t\t\t\t\t<\/div>\n\t\t\t\t\t\t\t\t<div class=\"elementor-field-type-tel elementor-field-group elementor-column elementor-field-group-field_059304b elementor-col-100\">\n\t\t\t\t\t\t\t\t\t\t\t\t<label for=\"form-field-field_059304b\" class=\"elementor-field-label elementor-screen-only\">\n\t\t\t\t\t\t\t\tTel\u00e9fono\t\t\t\t\t\t\t<\/label>\n\t\t\t\t\t\t\t\t<input size=\"1\" type=\"tel\" name=\"form_fields[field_059304b]\" id=\"form-field-field_059304b\" class=\"elementor-field elementor-size-sm  elementor-field-textual\" placeholder=\"Tel\u00e9fono\" pattern=\"[0-9()#&amp;+*-=.]+\" title=\"Seuls les caract\u00e8res de num\u00e9ros de t\u00e9l\u00e9phone (#, -, *, etc.) sont accept\u00e9s.\">\n\n\t\t\t\t\t\t<\/div>\n\t\t\t\t\t\t\t\t<div class=\"elementor-field-type-email elementor-field-group elementor-column elementor-field-group-email elementor-col-100 elementor-field-required\">\n\t\t\t\t\t\t\t\t\t\t\t\t<label for=\"form-field-email\" class=\"elementor-field-label elementor-screen-only\">\n\t\t\t\t\t\t\t\tCorreo electr\u00f3nico\t\t\t\t\t\t\t<\/label>\n\t\t\t\t\t\t\t\t\t\t\t\t\t\t<input size=\"1\" type=\"email\" name=\"form_fields[email]\" id=\"form-field-email\" class=\"elementor-field elementor-size-sm  elementor-field-textual\" placeholder=\"Correo electr\u00f3nico\" required=\"required\">\n\t\t\t\t\t\t\t\t\t\t\t<\/div>\n\t\t\t\t\t\t\t\t<div class=\"elementor-field-type-textarea elementor-field-group elementor-column elementor-field-group-message elementor-col-100\">\n\t\t\t\t\t\t\t\t\t\t\t\t<label for=\"form-field-message\" class=\"elementor-field-label elementor-screen-only\">\n\t\t\t\t\t\t\t\tMensaje\t\t\t\t\t\t\t<\/label>\n\t\t\t\t\t\t<textarea class=\"elementor-field-textual elementor-field  elementor-size-sm\" name=\"form_fields[message]\" id=\"form-field-message\" rows=\"4\" placeholder=\"Mensaje\"><\/textarea>\t\t\t\t<\/div>\n\t\t\t\t\t\t\t\t<div class=\"elementor-field-type-recaptcha_v3 elementor-field-group elementor-column elementor-field-group-field_2f8ef72 elementor-col-100 recaptcha_v3-bottomright\">\n\t\t\t\t\t<div class=\"elementor-field\" id=\"form-field-field_2f8ef72\"><div class=\"elementor-g-recaptcha\" data-sitekey=\"6Lfs8ZEqAAAAAGATVj5sd3n1XyetWznD14R4uAFZ\" data-type=\"v3\" data-action=\"Form\" data-badge=\"bottomright\" data-size=\"invisible\"><\/div><\/div>\t\t\t\t<\/div>\n\t\t\t\t\t\t\t\t<div class=\"elementor-field-type-html elementor-field-group elementor-column elementor-field-group-field_71aacb8 elementor-col-100\">\n\t\t\t\t\tEn cumplimiento del Reglamento General de Protecci\u00f3n de Datos (UE) 2016\/679 del\nParlamento Europeo y del Consejo de 27 de abril de 2016 y la ley org\u00e1nica 3\/2018 de 5 de\ndiciembre de Protecci\u00f3n de Datos Personales y de Garant\u00eda de los Derechos Digitales le\ninformamos que los datos por Vd. proporcionados ser\u00e1n objeto de tratamiento por parte\nde FUNDACI\u00d3N AMIGOS DE LA POUPONNI\u00c8RE con CIF G67709469, con domicilio en\nCALLE FRANZ KAFKA N\u00ba 31-2D con la finalidad de prestarle el servicio solicitado y\/o\ncontratado, realizar la facturaci\u00f3n del mismo.\nLa base legal para el tratamiento de sus datos es la ejecuci\u00f3n del servicio por usted\ncontratado y\/o solicitado. La oferta prospectiva de productos y servicios est\u00e1 basada en el\nconsentimiento que se le solicita, sin que en ning\u00fan caso la retirada de este\nconsentimiento condicione la ejecuci\u00f3n del contrato.\nLos datos proporcionados se conservar\u00e1n mientras se mantenga la relaci\u00f3n comercial o\ndurante los a\u00f1os necesarios para cumplir con las obligaciones legales. Los datos no se\nceder\u00e1n a terceros salvo en los casos en que exista una obligaci\u00f3n legal.\nUsted tiene derecho a obtener confirmaci\u00f3n sobre si FUNDACI\u00d3N AMIGOS DE LA\nPOUPONNI\u00c8RE estamos tratando sus datos personales y por tanto tiene derecho a\nejercer sus derechos de acceso, rectificaci\u00f3n, limitaci\u00f3n del tratamiento, portabilidad,\noposici\u00f3n al tratamiento y supresi\u00f3n de sus datos as\u00ed como el derecho a presentar una\nreclamaci\u00f3n ante la Autoridad de Control mediante escrito dirigido a la direcci\u00f3n postal\narriba mencionada o electr\u00f3nica HOLA@AMIGOSPOUPONNIERE.ORG, adjuntando copia\ndel DNI en ambos casos.\nAsimismo le solicitamos su autorizaci\u00f3n para ofrecerle productos y servicios relacionados\ncon los solicitados, prestados y\/o comercializados por nuestra entidad y poder de esa\nforma fidelizarle como cliente.\t\t\t\t<\/div>\n\t\t\t\t\t\t\t\t<div class=\"elementor-field-type-radio elementor-field-group elementor-column elementor-field-group-field_0441f2b elementor-col-100 elementor-field-required\">\n\t\t\t\t\t<div class=\"elementor-field-subgroup  \"><span class=\"elementor-field-option\"><input type=\"radio\" value=\"SI\" id=\"form-field-field_0441f2b-0\" name=\"form_fields[field_0441f2b]\" required=\"required\"> <label for=\"form-field-field_0441f2b-0\">SI<\/label><\/span><span class=\"elementor-field-option\"><input type=\"radio\" value=\"NO\" id=\"form-field-field_0441f2b-1\" name=\"form_fields[field_0441f2b]\" required=\"required\"> <label for=\"form-field-field_0441f2b-1\">NO<\/label><\/span><\/div>\t\t\t\t<\/div>\n\t\t\t\t\t\t\t\t<div class=\"elementor-field-group elementor-column elementor-field-type-submit elementor-col-100 e-form__buttons\">\n\t\t\t\t\t<button class=\"elementor-button elementor-size-sm\" type=\"submit\">\n\t\t\t\t\t\t<span class=\"elementor-button-content-wrapper\">\n\t\t\t\t\t\t\t\t\t\t\t\t\t\t\t\t\t\t\t\t\t\t<span class=\"elementor-button-text\">Enviar<\/span>\n\t\t\t\t\t\t\t\t\t\t\t\t\t<\/span>\n\t\t\t\t\t<\/button>\n\t\t\t\t<\/div>\n\t\t\t<\/div>\n\t\t<\/form>\n\t\t\t\t\t\t<\/div>\n\t\t\t\t<\/div>\n\t\t\t\t<\/div>\n\t\t\t\t\t<\/div>\n\t\t\t\t<\/div>\n\t\t<div class=\"elementor-element elementor-element-a5d6998 e-flex e-con-boxed e-con e-parent\" data-id=\"a5d6998\" data-element_type=\"container\" data-e-type=\"container\" data-settings=\"{&quot;background_background&quot;:&quot;classic&quot;}\">\n\t\t\t\t\t<div class=\"e-con-inner\">\n\t\t\t\t\t<\/div>\n\t\t\t\t<\/div>\n\t\t\t\t<\/div>\n\t\t","protected":false},"excerpt":{"rendered":"<p>Contacto Cont\u00e1ctanos, Juntos podemos marcar la diferencia Si tienes preguntas sobre nuestros proyectos, eventos o c\u00f3mo colaborar con la Fundaci\u00f3n Amigos de la Pouponni\u00e8re, estamos aqu\u00ed para ayudarte. No dudes en escribirnos, estaremos encantados de responder a todas tus consultas. hola@amigospouponniere.org<\/p>\n","protected":false},"author":5,"featured_media":0,"parent":0,"menu_order":0,"comment_status":"closed","ping_status":"closed","template":"","meta":{"footnotes":""},"class_list":["post-1680","page","type-page","status-publish"],"yoast_head":"<!-- This site is optimized with the Yoast SEO plugin v27.5 - https:\/\/yoast.com\/product\/yoast-seo-wordpress\/ -->\n<title>Contacta con la Fundaci\u00f3n | Fundaci\u00f3n Amigos de la Pouponni\u00e8re<\/title>\n<meta name=\"description\" content=\"Completa el formulario o env\u00edanos un email para contactar con nosotros. Juntos podemos marcar la diferencia para una mejor infancia en Senegal.\" \/>\n<meta name=\"robots\" content=\"index, follow, max-snippet:-1, max-image-preview:large, max-video-preview:-1\" \/>\n<link rel=\"canonical\" href=\"https:\/\/www.amigospouponniere.org\/fr\/contacto\/\" \/>\n<meta property=\"og:locale\" content=\"fr_FR\" \/>\n<meta property=\"og:type\" content=\"article\" \/>\n<meta property=\"og:title\" content=\"Contacta con la Fundaci\u00f3n | Fundaci\u00f3n Amigos de la Pouponni\u00e8re\" \/>\n<meta property=\"og:description\" content=\"Completa el formulario o env\u00edanos un email para contactar con nosotros. Juntos podemos marcar la diferencia para una mejor infancia en Senegal.\" \/>\n<meta property=\"og:url\" content=\"https:\/\/www.amigospouponniere.org\/fr\/contacto\/\" \/>\n<meta property=\"og:site_name\" content=\"Amigos de Pouponnier\" \/>\n<meta property=\"article:modified_time\" content=\"2025-05-15T09:51:21+00:00\" \/>\n<meta name=\"twitter:card\" content=\"summary_large_image\" \/>\n<meta name=\"twitter:label1\" content=\"Dur\u00e9e de lecture estim\u00e9e\" \/>\n\t<meta name=\"twitter:data1\" content=\"1 minute\" \/>\n<script type=\"application\/ld+json\" class=\"yoast-schema-graph\">{\"@context\":\"https:\\\/\\\/schema.org\",\"@graph\":[{\"@type\":\"WebPage\",\"@id\":\"https:\\\/\\\/www.amigospouponniere.org\\\/fr\\\/contacto\\\/\",\"url\":\"https:\\\/\\\/www.amigospouponniere.org\\\/fr\\\/contacto\\\/\",\"name\":\"Contacta con la Fundaci\u00f3n | Fundaci\u00f3n Amigos de la Pouponni\u00e8re\",\"isPartOf\":{\"@id\":\"https:\\\/\\\/www.amigospouponniere.org\\\/fr\\\/#website\"},\"datePublished\":\"2024-10-02T09:30:14+00:00\",\"dateModified\":\"2025-05-15T09:51:21+00:00\",\"description\":\"Completa el formulario o env\u00edanos un email para contactar con nosotros. Juntos podemos marcar la diferencia para una mejor infancia en Senegal.\",\"breadcrumb\":{\"@id\":\"https:\\\/\\\/www.amigospouponniere.org\\\/fr\\\/contacto\\\/#breadcrumb\"},\"inLanguage\":\"fr-FR\",\"potentialAction\":[{\"@type\":\"ReadAction\",\"target\":[\"https:\\\/\\\/www.amigospouponniere.org\\\/fr\\\/contacto\\\/\"]}]},{\"@type\":\"BreadcrumbList\",\"@id\":\"https:\\\/\\\/www.amigospouponniere.org\\\/fr\\\/contacto\\\/#breadcrumb\",\"itemListElement\":[{\"@type\":\"ListItem\",\"position\":1,\"name\":\"Portada\",\"item\":\"https:\\\/\\\/www.amigospouponniere.org\\\/fr\\\/\"},{\"@type\":\"ListItem\",\"position\":2,\"name\":\"Contact\"}]},{\"@type\":\"WebSite\",\"@id\":\"https:\\\/\\\/www.amigospouponniere.org\\\/fr\\\/#website\",\"url\":\"https:\\\/\\\/www.amigospouponniere.org\\\/fr\\\/\",\"name\":\"Amigos de Pouponnier\",\"description\":\"Amigos de Pouponnier\",\"potentialAction\":[{\"@type\":\"SearchAction\",\"target\":{\"@type\":\"EntryPoint\",\"urlTemplate\":\"https:\\\/\\\/www.amigospouponniere.org\\\/fr\\\/?s={search_term_string}\"},\"query-input\":{\"@type\":\"PropertyValueSpecification\",\"valueRequired\":true,\"valueName\":\"search_term_string\"}}],\"inLanguage\":\"fr-FR\"}]}<\/script>\n<!-- \/ Yoast SEO plugin. -->","yoast_head_json":{"title":"Contacta con la Fundaci\u00f3n | Fundaci\u00f3n Amigos de la Pouponni\u00e8re","description":"Completa el formulario o env\u00edanos un email para contactar con nosotros. Juntos podemos marcar la diferencia para una mejor infancia en Senegal.","robots":{"index":"index","follow":"follow","max-snippet":"max-snippet:-1","max-image-preview":"max-image-preview:large","max-video-preview":"max-video-preview:-1"},"canonical":"https:\/\/www.amigospouponniere.org\/fr\/contacto\/","og_locale":"fr_FR","og_type":"article","og_title":"Contacta con la Fundaci\u00f3n | Fundaci\u00f3n Amigos de la Pouponni\u00e8re","og_description":"Completa el formulario o env\u00edanos un email para contactar con nosotros. Juntos podemos marcar la diferencia para una mejor infancia en Senegal.","og_url":"https:\/\/www.amigospouponniere.org\/fr\/contacto\/","og_site_name":"Amigos de Pouponnier","article_modified_time":"2025-05-15T09:51:21+00:00","twitter_card":"summary_large_image","twitter_misc":{"Dur\u00e9e de lecture estim\u00e9e":"1 minute"},"schema":{"@context":"https:\/\/schema.org","@graph":[{"@type":"WebPage","@id":"https:\/\/www.amigospouponniere.org\/fr\/contacto\/","url":"https:\/\/www.amigospouponniere.org\/fr\/contacto\/","name":"Contacta con la Fundaci\u00f3n | Fundaci\u00f3n Amigos de la Pouponni\u00e8re","isPartOf":{"@id":"https:\/\/www.amigospouponniere.org\/fr\/#website"},"datePublished":"2024-10-02T09:30:14+00:00","dateModified":"2025-05-15T09:51:21+00:00","description":"Completa el formulario o env\u00edanos un email para contactar con nosotros. Juntos podemos marcar la diferencia para una mejor infancia en Senegal.","breadcrumb":{"@id":"https:\/\/www.amigospouponniere.org\/fr\/contacto\/#breadcrumb"},"inLanguage":"fr-FR","potentialAction":[{"@type":"ReadAction","target":["https:\/\/www.amigospouponniere.org\/fr\/contacto\/"]}]},{"@type":"BreadcrumbList","@id":"https:\/\/www.amigospouponniere.org\/fr\/contacto\/#breadcrumb","itemListElement":[{"@type":"ListItem","position":1,"name":"Portada","item":"https:\/\/www.amigospouponniere.org\/fr\/"},{"@type":"ListItem","position":2,"name":"Contact"}]},{"@type":"WebSite","@id":"https:\/\/www.amigospouponniere.org\/fr\/#website","url":"https:\/\/www.amigospouponniere.org\/fr\/","name":"Amigos de Pouponnier","description":"Amigos de Pouponnier","potentialAction":[{"@type":"SearchAction","target":{"@type":"EntryPoint","urlTemplate":"https:\/\/www.amigospouponniere.org\/fr\/?s={search_term_string}"},"query-input":{"@type":"PropertyValueSpecification","valueRequired":true,"valueName":"search_term_string"}}],"inLanguage":"fr-FR"}]}},"_links":{"self":[{"href":"https:\/\/www.amigospouponniere.org\/fr\/wp-json\/wp\/v2\/pages\/1680","targetHints":{"allow":["GET"]}}],"collection":[{"href":"https:\/\/www.amigospouponniere.org\/fr\/wp-json\/wp\/v2\/pages"}],"about":[{"href":"https:\/\/www.amigospouponniere.org\/fr\/wp-json\/wp\/v2\/types\/page"}],"author":[{"embeddable":true,"href":"https:\/\/www.amigospouponniere.org\/fr\/wp-json\/wp\/v2\/users\/5"}],"replies":[{"embeddable":true,"href":"https:\/\/www.amigospouponniere.org\/fr\/wp-json\/wp\/v2\/comments?post=1680"}],"version-history":[{"count":2,"href":"https:\/\/www.amigospouponniere.org\/fr\/wp-json\/wp\/v2\/pages\/1680\/revisions"}],"predecessor-version":[{"id":1682,"href":"https:\/\/www.amigospouponniere.org\/fr\/wp-json\/wp\/v2\/pages\/1680\/revisions\/1682"}],"wp:attachment":[{"href":"https:\/\/www.amigospouponniere.org\/fr\/wp-json\/wp\/v2\/media?parent=1680"}],"curies":[{"name":"wp","href":"https:\/\/api.w.org\/{rel}","templated":true}]}}