{"id":1675,"date":"2024-10-02T08:20:15","date_gmt":"2024-10-02T08:20:15","guid":{"rendered":"https:\/\/www.amigospouponniere.org\/eventos\/"},"modified":"2025-05-15T09:49:55","modified_gmt":"2025-05-15T09:49:55","slug":"eventos","status":"publish","type":"page","link":"https:\/\/www.amigospouponniere.org\/fr\/eventos\/","title":{"rendered":"Ev\u00e9nements"},"content":{"rendered":"\t\t<div data-elementor-type=\"wp-page\" data-elementor-id=\"1675\" class=\"elementor elementor-1675 elementor-681\" data-elementor-post-type=\"page\">\n\t\t\t\t<div class=\"elementor-element elementor-element-3698633b e-flex e-con-boxed e-con e-parent\" data-id=\"3698633b\" data-element_type=\"container\" data-e-type=\"container\" data-settings=\"{&quot;background_background&quot;:&quot;classic&quot;}\">\n\t\t\t\t\t<div class=\"e-con-inner\">\n\t\t\t\t<div class=\"elementor-element elementor-element-770279be elementor-widget elementor-widget-heading\" data-id=\"770279be\" data-element_type=\"widget\" data-e-type=\"widget\" data-widget_type=\"heading.default\">\n\t\t\t\t<div class=\"elementor-widget-container\">\n\t\t\t\t\t<h2 class=\"elementor-heading-title elementor-size-default\">Eventos<\/h2>\t\t\t\t<\/div>\n\t\t\t\t<\/div>\n\t\t\t\t\t<\/div>\n\t\t\t\t<\/div>\n\t\t<div class=\"elementor-element elementor-element-7415c8ae e-flex e-con-boxed e-con e-parent\" data-id=\"7415c8ae\" data-element_type=\"container\" data-e-type=\"container\">\n\t\t\t\t\t<div class=\"e-con-inner\">\n\t\t<div class=\"elementor-element elementor-element-411af592 e-con-full e-flex e-con e-child\" data-id=\"411af592\" data-element_type=\"container\" data-e-type=\"container\">\n\t\t\t\t<div class=\"elementor-element elementor-element-6cf1c4b4 elementor-widget elementor-widget-image\" data-id=\"6cf1c4b4\" data-element_type=\"widget\" data-e-type=\"widget\" data-widget_type=\"image.default\">\n\t\t\t\t<div class=\"elementor-widget-container\">\n\t\t\t\t\t\t\t\t\t\t\t\t\t\t\t<img fetchpriority=\"high\" decoding=\"async\" width=\"691\" height=\"1024\" src=\"https:\/\/www.amigospouponniere.org\/wp-content\/uploads\/2024\/10\/eventostop-691x1024.webp\" class=\"attachment-large size-large wp-image-1515\" alt=\"\" srcset=\"https:\/\/www.amigospouponniere.org\/wp-content\/uploads\/2024\/10\/eventostop-691x1024.webp 691w, https:\/\/www.amigospouponniere.org\/wp-content\/uploads\/2024\/10\/eventostop-203x300.webp 203w, https:\/\/www.amigospouponniere.org\/wp-content\/uploads\/2024\/10\/eventostop-768x1138.webp 768w, https:\/\/www.amigospouponniere.org\/wp-content\/uploads\/2024\/10\/eventostop-1037x1536.webp 1037w, https:\/\/www.amigospouponniere.org\/wp-content\/uploads\/2024\/10\/eventostop.webp 1350w\" sizes=\"(max-width: 691px) 100vw, 691px\" \/>\t\t\t\t\t\t\t\t\t\t\t\t\t\t\t<\/div>\n\t\t\t\t<\/div>\n\t\t\t\t<\/div>\n\t\t<div class=\"elementor-element elementor-element-535198ff e-con-full e-flex e-con e-child\" data-id=\"535198ff\" data-element_type=\"container\" data-e-type=\"container\">\n\t\t\t\t<div class=\"elementor-element elementor-element-44ba9fa3 elementor-widget elementor-widget-heading\" data-id=\"44ba9fa3\" data-element_type=\"widget\" data-e-type=\"widget\" data-widget_type=\"heading.default\">\n\t\t\t\t<div class=\"elementor-widget-container\">\n\t\t\t\t\t<h1 class=\"elementor-heading-title elementor-size-default\">Eventos Solidarios de la Fundaci\u00f3n Amigos de la Pouponni\u00e8re\n\n<\/h1>\t\t\t\t<\/div>\n\t\t\t\t<\/div>\n\t\t\t\t<div class=\"elementor-element elementor-element-2a4d1712 elementor-widget-divider--separator-type-pattern elementor-widget-divider--view-line elementor-widget elementor-widget-divider\" data-id=\"2a4d1712\" data-element_type=\"widget\" data-e-type=\"widget\" data-widget_type=\"divider.default\">\n\t\t\t\t<div class=\"elementor-widget-container\">\n\t\t\t\t\t\t\t<div class=\"elementor-divider\" style=\"--divider-pattern-url: url(&quot;data:image\/svg+xml,%3Csvg xmlns=&#039;http:\/\/www.w3.org\/2000\/svg&#039; preserveAspectRatio=&#039;none&#039; overflow=&#039;visible&#039; height=&#039;100%&#039; viewBox=&#039;0 0 24 24&#039; fill=&#039;none&#039; stroke=&#039;black&#039; stroke-width=&#039;3.5&#039; stroke-linecap=&#039;square&#039; stroke-miterlimit=&#039;10&#039;%3E%3Cpolyline points=&#039;0,18 12,6 24,18 &#039;\/%3E%3C\/svg%3E&quot;);\">\n\t\t\t<span class=\"elementor-divider-separator\">\n\t\t\t\t\t\t<\/span>\n\t\t<\/div>\n\t\t\t\t\t\t<\/div>\n\t\t\t\t<\/div>\n\t\t\t\t<div class=\"elementor-element elementor-element-539d1ce elementor-widget elementor-widget-text-editor\" data-id=\"539d1ce\" data-element_type=\"widget\" data-e-type=\"widget\" data-widget_type=\"text-editor.default\">\n\t\t\t\t<div class=\"elementor-widget-container\">\n\t\t\t\t\t\t\t\t\t<p>En la Fundaci\u00f3n Amigos de la Pouponni\u00e8re, organizamos diversos <strong>eventos solidarios<\/strong> anualmente con el objetivo de recaudar fondos y generar conciencia sobre nuestra misi\u00f3n: apoyar a los beb\u00e9s hu\u00e9rfanos, a ni\u00f1os con par\u00e1lisis cerebral infantil y sus familias y favorecer el acceso a la educaci\u00f3n. Todos nuestros eventos est\u00e1n orientados a ofrecer\u00a0 una oportunidad para que nuestros colaboradores, socios y amigos se unan a esta causa.<\/p>\n\t\t\t\t\t\t\t\t<\/div>\n\t\t\t\t<\/div>\n\t\t\t\t<div class=\"elementor-element elementor-element-23e3c38a elementor-widget elementor-widget-button\" data-id=\"23e3c38a\" data-element_type=\"widget\" data-e-type=\"widget\" data-widget_type=\"button.default\">\n\t\t\t\t<div class=\"elementor-widget-container\">\n\t\t\t\t\t\t\t\t\t<div class=\"elementor-button-wrapper\">\n\t\t\t\t\t<a class=\"elementor-button elementor-button-link elementor-size-sm\" href=\"\/fr\/?page_id=1623\">\n\t\t\t\t\t\t<span class=\"elementor-button-content-wrapper\">\n\t\t\t\t\t\t\t\t\t<span class=\"elementor-button-text\">\u00bfQuieres colaborar?<\/span>\n\t\t\t\t\t<\/span>\n\t\t\t\t\t<\/a>\n\t\t\t\t<\/div>\n\t\t\t\t\t\t\t\t<\/div>\n\t\t\t\t<\/div>\n\t\t\t\t<\/div>\n\t\t\t\t\t<\/div>\n\t\t\t\t<\/div>\n\t\t<div class=\"elementor-element elementor-element-405ab56d e-flex e-con-boxed e-con e-parent\" data-id=\"405ab56d\" data-element_type=\"container\" data-e-type=\"container\" data-settings=\"{&quot;background_background&quot;:&quot;classic&quot;}\">\n\t\t\t\t\t<div class=\"e-con-inner\">\n\t\t\t\t<div class=\"elementor-element elementor-element-23e60532 elementor-widget elementor-widget-heading\" data-id=\"23e60532\" data-element_type=\"widget\" data-e-type=\"widget\" data-widget_type=\"heading.default\">\n\t\t\t\t<div class=\"elementor-widget-container\">\n\t\t\t\t\t<h2 class=\"elementor-heading-title elementor-size-default\">\u00daltimos eventos<\/h2>\t\t\t\t<\/div>\n\t\t\t\t<\/div>\n\t\t\t\t\t<\/div>\n\t\t\t\t<\/div>\n\t\t<div class=\"elementor-element elementor-element-11227a0d e-con-full e-flex e-con e-parent\" data-id=\"11227a0d\" data-element_type=\"container\" data-e-type=\"container\">\n\t\t\t\t<\/div>\n\t\t\t\t<\/div>\n\t\t","protected":false},"excerpt":{"rendered":"<p>Eventos Eventos Solidarios de la Fundaci\u00f3n Amigos de la Pouponni\u00e8re En la Fundaci\u00f3n Amigos de la Pouponni\u00e8re, organizamos diversos eventos solidarios anualmente con el objetivo de recaudar fondos y generar conciencia sobre nuestra misi\u00f3n: apoyar a los beb\u00e9s hu\u00e9rfanos, a ni\u00f1os con par\u00e1lisis cerebral infantil y sus familias y favorecer el acceso a la educaci\u00f3n. &#8230; <a title=\"Ev\u00e9nements\" class=\"read-more\" href=\"https:\/\/www.amigospouponniere.org\/fr\/eventos\/\" aria-label=\"En savoir plus sur Ev\u00e9nements\">Lire plus<\/a><\/p>\n","protected":false},"author":5,"featured_media":0,"parent":0,"menu_order":0,"comment_status":"closed","ping_status":"closed","template":"","meta":{"footnotes":""},"class_list":["post-1675","page","type-page","status-publish"],"yoast_head":"<!-- This site is optimized with the Yoast SEO plugin v27.4 - https:\/\/yoast.com\/product\/yoast-seo-wordpress\/ -->\n<title>Eventos Solidarios | Fundaci\u00f3n Amigos de la Pouponni\u00e8re<\/title>\n<meta name=\"description\" content=\"Ap\u00fantate a nuestros eventos solidarios para recaudar fondos para ayudar en Senegal, cada acci\u00f3n cuenta. Cont\u00e1ctanos para conocer nuestros futuros eventos.\" \/>\n<meta name=\"robots\" content=\"index, follow, max-snippet:-1, max-image-preview:large, max-video-preview:-1\" \/>\n<link rel=\"canonical\" href=\"https:\/\/www.amigospouponniere.org\/fr\/eventos\/\" \/>\n<meta property=\"og:locale\" content=\"fr_FR\" \/>\n<meta property=\"og:type\" content=\"article\" \/>\n<meta property=\"og:title\" content=\"Eventos Solidarios | Fundaci\u00f3n Amigos de la Pouponni\u00e8re\" \/>\n<meta property=\"og:description\" content=\"Ap\u00fantate a nuestros eventos solidarios para recaudar fondos para ayudar en Senegal, cada acci\u00f3n cuenta. Cont\u00e1ctanos para conocer nuestros futuros eventos.\" \/>\n<meta property=\"og:url\" content=\"https:\/\/www.amigospouponniere.org\/fr\/eventos\/\" \/>\n<meta property=\"og:site_name\" content=\"Amigos de Pouponnier\" \/>\n<meta property=\"article:modified_time\" content=\"2025-05-15T09:49:55+00:00\" \/>\n<meta property=\"og:image\" content=\"https:\/\/www.amigospouponniere.org\/wp-content\/uploads\/2024\/10\/eventostop-691x1024.webp\" \/>\n<meta name=\"twitter:card\" content=\"summary_large_image\" \/>\n<meta name=\"twitter:label1\" content=\"Dur\u00e9e de lecture estim\u00e9e\" \/>\n\t<meta name=\"twitter:data1\" content=\"1 minute\" \/>\n<script type=\"application\/ld+json\" class=\"yoast-schema-graph\">{\"@context\":\"https:\\\/\\\/schema.org\",\"@graph\":[{\"@type\":\"WebPage\",\"@id\":\"https:\\\/\\\/www.amigospouponniere.org\\\/fr\\\/eventos\\\/\",\"url\":\"https:\\\/\\\/www.amigospouponniere.org\\\/fr\\\/eventos\\\/\",\"name\":\"Eventos Solidarios | Fundaci\u00f3n Amigos de la Pouponni\u00e8re\",\"isPartOf\":{\"@id\":\"https:\\\/\\\/www.amigospouponniere.org\\\/fr\\\/#website\"},\"primaryImageOfPage\":{\"@id\":\"https:\\\/\\\/www.amigospouponniere.org\\\/fr\\\/eventos\\\/#primaryimage\"},\"image\":{\"@id\":\"https:\\\/\\\/www.amigospouponniere.org\\\/fr\\\/eventos\\\/#primaryimage\"},\"thumbnailUrl\":\"https:\\\/\\\/www.amigospouponniere.org\\\/wp-content\\\/uploads\\\/2024\\\/10\\\/eventostop-691x1024.webp\",\"datePublished\":\"2024-10-02T08:20:15+00:00\",\"dateModified\":\"2025-05-15T09:49:55+00:00\",\"description\":\"Ap\u00fantate a nuestros eventos solidarios para recaudar fondos para ayudar en Senegal, cada acci\u00f3n cuenta. Cont\u00e1ctanos para conocer nuestros futuros eventos.\",\"breadcrumb\":{\"@id\":\"https:\\\/\\\/www.amigospouponniere.org\\\/fr\\\/eventos\\\/#breadcrumb\"},\"inLanguage\":\"fr-FR\",\"potentialAction\":[{\"@type\":\"ReadAction\",\"target\":[\"https:\\\/\\\/www.amigospouponniere.org\\\/fr\\\/eventos\\\/\"]}]},{\"@type\":\"ImageObject\",\"inLanguage\":\"fr-FR\",\"@id\":\"https:\\\/\\\/www.amigospouponniere.org\\\/fr\\\/eventos\\\/#primaryimage\",\"url\":\"https:\\\/\\\/www.amigospouponniere.org\\\/wp-content\\\/uploads\\\/2024\\\/10\\\/eventostop-691x1024.webp\",\"contentUrl\":\"https:\\\/\\\/www.amigospouponniere.org\\\/wp-content\\\/uploads\\\/2024\\\/10\\\/eventostop-691x1024.webp\"},{\"@type\":\"BreadcrumbList\",\"@id\":\"https:\\\/\\\/www.amigospouponniere.org\\\/fr\\\/eventos\\\/#breadcrumb\",\"itemListElement\":[{\"@type\":\"ListItem\",\"position\":1,\"name\":\"Portada\",\"item\":\"https:\\\/\\\/www.amigospouponniere.org\\\/fr\\\/\"},{\"@type\":\"ListItem\",\"position\":2,\"name\":\"Ev\u00e9nements\"}]},{\"@type\":\"WebSite\",\"@id\":\"https:\\\/\\\/www.amigospouponniere.org\\\/fr\\\/#website\",\"url\":\"https:\\\/\\\/www.amigospouponniere.org\\\/fr\\\/\",\"name\":\"Amigos de Pouponnier\",\"description\":\"Amigos de Pouponnier\",\"potentialAction\":[{\"@type\":\"SearchAction\",\"target\":{\"@type\":\"EntryPoint\",\"urlTemplate\":\"https:\\\/\\\/www.amigospouponniere.org\\\/fr\\\/?s={search_term_string}\"},\"query-input\":{\"@type\":\"PropertyValueSpecification\",\"valueRequired\":true,\"valueName\":\"search_term_string\"}}],\"inLanguage\":\"fr-FR\"}]}<\/script>\n<!-- \/ Yoast SEO plugin. -->","yoast_head_json":{"title":"Eventos Solidarios | Fundaci\u00f3n Amigos de la Pouponni\u00e8re","description":"Ap\u00fantate a nuestros eventos solidarios para recaudar fondos para ayudar en Senegal, cada acci\u00f3n cuenta. Cont\u00e1ctanos para conocer nuestros futuros eventos.","robots":{"index":"index","follow":"follow","max-snippet":"max-snippet:-1","max-image-preview":"max-image-preview:large","max-video-preview":"max-video-preview:-1"},"canonical":"https:\/\/www.amigospouponniere.org\/fr\/eventos\/","og_locale":"fr_FR","og_type":"article","og_title":"Eventos Solidarios | Fundaci\u00f3n Amigos de la Pouponni\u00e8re","og_description":"Ap\u00fantate a nuestros eventos solidarios para recaudar fondos para ayudar en Senegal, cada acci\u00f3n cuenta. Cont\u00e1ctanos para conocer nuestros futuros eventos.","og_url":"https:\/\/www.amigospouponniere.org\/fr\/eventos\/","og_site_name":"Amigos de Pouponnier","article_modified_time":"2025-05-15T09:49:55+00:00","og_image":[{"url":"https:\/\/www.amigospouponniere.org\/wp-content\/uploads\/2024\/10\/eventostop-691x1024.webp","type":"","width":"","height":""}],"twitter_card":"summary_large_image","twitter_misc":{"Dur\u00e9e de lecture estim\u00e9e":"1 minute"},"schema":{"@context":"https:\/\/schema.org","@graph":[{"@type":"WebPage","@id":"https:\/\/www.amigospouponniere.org\/fr\/eventos\/","url":"https:\/\/www.amigospouponniere.org\/fr\/eventos\/","name":"Eventos Solidarios | Fundaci\u00f3n Amigos de la Pouponni\u00e8re","isPartOf":{"@id":"https:\/\/www.amigospouponniere.org\/fr\/#website"},"primaryImageOfPage":{"@id":"https:\/\/www.amigospouponniere.org\/fr\/eventos\/#primaryimage"},"image":{"@id":"https:\/\/www.amigospouponniere.org\/fr\/eventos\/#primaryimage"},"thumbnailUrl":"https:\/\/www.amigospouponniere.org\/wp-content\/uploads\/2024\/10\/eventostop-691x1024.webp","datePublished":"2024-10-02T08:20:15+00:00","dateModified":"2025-05-15T09:49:55+00:00","description":"Ap\u00fantate a nuestros eventos solidarios para recaudar fondos para ayudar en Senegal, cada acci\u00f3n cuenta. Cont\u00e1ctanos para conocer nuestros futuros eventos.","breadcrumb":{"@id":"https:\/\/www.amigospouponniere.org\/fr\/eventos\/#breadcrumb"},"inLanguage":"fr-FR","potentialAction":[{"@type":"ReadAction","target":["https:\/\/www.amigospouponniere.org\/fr\/eventos\/"]}]},{"@type":"ImageObject","inLanguage":"fr-FR","@id":"https:\/\/www.amigospouponniere.org\/fr\/eventos\/#primaryimage","url":"https:\/\/www.amigospouponniere.org\/wp-content\/uploads\/2024\/10\/eventostop-691x1024.webp","contentUrl":"https:\/\/www.amigospouponniere.org\/wp-content\/uploads\/2024\/10\/eventostop-691x1024.webp"},{"@type":"BreadcrumbList","@id":"https:\/\/www.amigospouponniere.org\/fr\/eventos\/#breadcrumb","itemListElement":[{"@type":"ListItem","position":1,"name":"Portada","item":"https:\/\/www.amigospouponniere.org\/fr\/"},{"@type":"ListItem","position":2,"name":"Ev\u00e9nements"}]},{"@type":"WebSite","@id":"https:\/\/www.amigospouponniere.org\/fr\/#website","url":"https:\/\/www.amigospouponniere.org\/fr\/","name":"Amigos de Pouponnier","description":"Amigos de Pouponnier","potentialAction":[{"@type":"SearchAction","target":{"@type":"EntryPoint","urlTemplate":"https:\/\/www.amigospouponniere.org\/fr\/?s={search_term_string}"},"query-input":{"@type":"PropertyValueSpecification","valueRequired":true,"valueName":"search_term_string"}}],"inLanguage":"fr-FR"}]}},"_links":{"self":[{"href":"https:\/\/www.amigospouponniere.org\/fr\/wp-json\/wp\/v2\/pages\/1675","targetHints":{"allow":["GET"]}}],"collection":[{"href":"https:\/\/www.amigospouponniere.org\/fr\/wp-json\/wp\/v2\/pages"}],"about":[{"href":"https:\/\/www.amigospouponniere.org\/fr\/wp-json\/wp\/v2\/types\/page"}],"author":[{"embeddable":true,"href":"https:\/\/www.amigospouponniere.org\/fr\/wp-json\/wp\/v2\/users\/5"}],"replies":[{"embeddable":true,"href":"https:\/\/www.amigospouponniere.org\/fr\/wp-json\/wp\/v2\/comments?post=1675"}],"version-history":[{"count":4,"href":"https:\/\/www.amigospouponniere.org\/fr\/wp-json\/wp\/v2\/pages\/1675\/revisions"}],"predecessor-version":[{"id":1679,"href":"https:\/\/www.amigospouponniere.org\/fr\/wp-json\/wp\/v2\/pages\/1675\/revisions\/1679"}],"wp:attachment":[{"href":"https:\/\/www.amigospouponniere.org\/fr\/wp-json\/wp\/v2\/media?parent=1675"}],"curies":[{"name":"wp","href":"https:\/\/api.w.org\/{rel}","templated":true}]}}