{"id":1669,"date":"2024-10-01T09:17:48","date_gmt":"2024-10-01T09:17:48","guid":{"rendered":"https:\/\/www.amigospouponniere.org\/proyectos\/"},"modified":"2025-05-15T09:47:58","modified_gmt":"2025-05-15T09:47:58","slug":"proyectos","status":"publish","type":"page","link":"https:\/\/www.amigospouponniere.org\/fr\/proyectos\/","title":{"rendered":"Projets"},"content":{"rendered":"\t\t<div data-elementor-type=\"wp-page\" data-elementor-id=\"1669\" class=\"elementor elementor-1669\" data-elementor-post-type=\"page\">\n\t\t\t\t<div class=\"elementor-element elementor-element-1874f684 e-flex e-con-boxed e-con e-parent\" data-id=\"1874f684\" data-element_type=\"container\" data-e-type=\"container\" data-settings=\"{&quot;background_background&quot;:&quot;classic&quot;}\">\n\t\t\t\t\t<div class=\"e-con-inner\">\n\t\t\t\t<div class=\"elementor-element elementor-element-76e28db elementor-widget elementor-widget-heading\" data-id=\"76e28db\" data-element_type=\"widget\" data-e-type=\"widget\" data-widget_type=\"heading.default\">\n\t\t\t\t<div class=\"elementor-widget-container\">\n\t\t\t\t\t<h2 class=\"elementor-heading-title elementor-size-default\">Proyectos<\/h2>\t\t\t\t<\/div>\n\t\t\t\t<\/div>\n\t\t\t\t\t<\/div>\n\t\t\t\t<\/div>\n\t\t<div class=\"elementor-element elementor-element-1fd91725 e-flex e-con-boxed e-con e-parent\" data-id=\"1fd91725\" data-element_type=\"container\" data-e-type=\"container\">\n\t\t\t\t\t<div class=\"e-con-inner\">\n\t\t<div class=\"elementor-element elementor-element-33c8d844 e-con-full e-flex e-con e-child\" data-id=\"33c8d844\" data-element_type=\"container\" data-e-type=\"container\">\n\t\t\t\t<div class=\"elementor-element elementor-element-271053a elementor-widget elementor-widget-image\" data-id=\"271053a\" data-element_type=\"widget\" data-e-type=\"widget\" data-widget_type=\"image.default\">\n\t\t\t\t<div class=\"elementor-widget-container\">\n\t\t\t\t\t\t\t\t\t\t\t\t\t\t\t<img fetchpriority=\"high\" decoding=\"async\" width=\"691\" height=\"1024\" src=\"https:\/\/www.amigospouponniere.org\/wp-content\/uploads\/2024\/10\/proyectotop-691x1024.webp\" class=\"attachment-large size-large wp-image-1511\" alt=\"\" srcset=\"https:\/\/www.amigospouponniere.org\/wp-content\/uploads\/2024\/10\/proyectotop-691x1024.webp 691w, https:\/\/www.amigospouponniere.org\/wp-content\/uploads\/2024\/10\/proyectotop-203x300.webp 203w, https:\/\/www.amigospouponniere.org\/wp-content\/uploads\/2024\/10\/proyectotop-768x1138.webp 768w, https:\/\/www.amigospouponniere.org\/wp-content\/uploads\/2024\/10\/proyectotop-1037x1536.webp 1037w, https:\/\/www.amigospouponniere.org\/wp-content\/uploads\/2024\/10\/proyectotop.webp 1350w\" sizes=\"(max-width: 691px) 100vw, 691px\" \/>\t\t\t\t\t\t\t\t\t\t\t\t\t\t\t<\/div>\n\t\t\t\t<\/div>\n\t\t\t\t<\/div>\n\t\t<div class=\"elementor-element elementor-element-3ac80cf5 e-con-full e-flex e-con e-child\" data-id=\"3ac80cf5\" data-element_type=\"container\" data-e-type=\"container\">\n\t\t\t\t<div class=\"elementor-element elementor-element-6ed714a9 elementor-widget elementor-widget-heading\" data-id=\"6ed714a9\" data-element_type=\"widget\" data-e-type=\"widget\" data-widget_type=\"heading.default\">\n\t\t\t\t<div class=\"elementor-widget-container\">\n\t\t\t\t\t<h1 class=\"elementor-heading-title elementor-size-default\">Nuestros Proyectos de Ayuda Humanitaria en \u00c1frica: Senegal<\/h1>\t\t\t\t<\/div>\n\t\t\t\t<\/div>\n\t\t\t\t<div class=\"elementor-element elementor-element-50726214 elementor-widget-divider--separator-type-pattern elementor-widget-divider--view-line elementor-widget elementor-widget-divider\" data-id=\"50726214\" data-element_type=\"widget\" data-e-type=\"widget\" data-widget_type=\"divider.default\">\n\t\t\t\t<div class=\"elementor-widget-container\">\n\t\t\t\t\t\t\t<div class=\"elementor-divider\" style=\"--divider-pattern-url: url(&quot;data:image\/svg+xml,%3Csvg xmlns=&#039;http:\/\/www.w3.org\/2000\/svg&#039; preserveAspectRatio=&#039;none&#039; overflow=&#039;visible&#039; height=&#039;100%&#039; viewBox=&#039;0 0 24 24&#039; fill=&#039;none&#039; stroke=&#039;black&#039; stroke-width=&#039;3.5&#039; stroke-linecap=&#039;square&#039; stroke-miterlimit=&#039;10&#039;%3E%3Cpolyline points=&#039;0,18 12,6 24,18 &#039;\/%3E%3C\/svg%3E&quot;);\">\n\t\t\t<span class=\"elementor-divider-separator\">\n\t\t\t\t\t\t<\/span>\n\t\t<\/div>\n\t\t\t\t\t\t<\/div>\n\t\t\t\t<\/div>\n\t\t\t\t<div class=\"elementor-element elementor-element-220fdb17 elementor-widget elementor-widget-text-editor\" data-id=\"220fdb17\" data-element_type=\"widget\" data-e-type=\"widget\" data-widget_type=\"text-editor.default\">\n\t\t\t\t<div class=\"elementor-widget-container\">\n\t\t\t\t\t\t\t\t\t<p>En la Fundaci\u00f3n Amigos de La Pouponni\u00e8re, llevamos a cabo una serie de proyectos que tienen un impacto directo y positivo en la vida de los ni\u00f1os y ni\u00f1as de Senegal. A trav\u00e9s de estas iniciativas, buscamos brindarles oportunidades y recursos que les permitan crecer en un entorno seguro, saludable y con mayores posibilidades para el futuro.<\/p>\n<p>Gracias al apoyo de donantes solidarios, mejoramos la vida de los menores residentes en La Pouponni\u00e8re, de los ni\u00f1os y ni\u00f1as con PCI y de sus familias asi como promovemos la igualdad de oportunidades en el acceso a la educaci\u00f3n.<\/p>\n\t\t\t\t\t\t\t\t<\/div>\n\t\t\t\t<\/div>\n\t\t\t\t<div class=\"elementor-element elementor-element-07021b2 elementor-widget elementor-widget-button\" data-id=\"07021b2\" data-element_type=\"widget\" data-e-type=\"widget\" data-widget_type=\"button.default\">\n\t\t\t\t<div class=\"elementor-widget-container\">\n\t\t\t\t\t\t\t\t\t<div class=\"elementor-button-wrapper\">\n\t\t\t\t\t<a class=\"elementor-button elementor-button-link elementor-size-sm\" href=\"\/fr\/?page_id=1623\">\n\t\t\t\t\t\t<span class=\"elementor-button-content-wrapper\">\n\t\t\t\t\t\t\t\t\t<span class=\"elementor-button-text\">\u00bfQuieres colaborar?<\/span>\n\t\t\t\t\t<\/span>\n\t\t\t\t\t<\/a>\n\t\t\t\t<\/div>\n\t\t\t\t\t\t\t\t<\/div>\n\t\t\t\t<\/div>\n\t\t\t\t<\/div>\n\t\t\t\t\t<\/div>\n\t\t\t\t<\/div>\n\t\t<div class=\"elementor-element elementor-element-a178277 e-flex e-con-boxed e-con e-parent\" data-id=\"a178277\" data-element_type=\"container\" data-e-type=\"container\" data-settings=\"{&quot;background_background&quot;:&quot;classic&quot;}\">\n\t\t\t\t\t<div class=\"e-con-inner\">\n\t\t\t\t<div class=\"elementor-element elementor-element-949a746 elementor-widget elementor-widget-heading\" data-id=\"949a746\" data-element_type=\"widget\" data-e-type=\"widget\" data-widget_type=\"heading.default\">\n\t\t\t\t<div class=\"elementor-widget-container\">\n\t\t\t\t\t<h2 class=\"elementor-heading-title elementor-size-default\">Proyectos Humanitarios<\/h2>\t\t\t\t<\/div>\n\t\t\t\t<\/div>\n\t\t\t\t\t<\/div>\n\t\t\t\t<\/div>\n\t\t<div class=\"elementor-element elementor-element-45a538a e-con-full e-flex e-con e-parent\" data-id=\"45a538a\" data-element_type=\"container\" data-e-type=\"container\">\n\t\t\t\t<\/div>\n\t\t<div class=\"elementor-element elementor-element-1bd06c5 e-flex e-con-boxed e-con e-parent\" data-id=\"1bd06c5\" data-element_type=\"container\" data-e-type=\"container\" data-settings=\"{&quot;background_background&quot;:&quot;classic&quot;}\">\n\t\t\t\t\t<div class=\"e-con-inner\">\n\t\t\t\t<div class=\"elementor-element elementor-element-28beb7c elementor-widget elementor-widget-heading\" data-id=\"28beb7c\" data-element_type=\"widget\" data-e-type=\"widget\" data-widget_type=\"heading.default\">\n\t\t\t\t<div class=\"elementor-widget-container\">\n\t\t\t\t\t<h2 class=\"elementor-heading-title elementor-size-default\">Campa\u00f1as Humanitarias<\/h2>\t\t\t\t<\/div>\n\t\t\t\t<\/div>\n\t\t\t\t\t<\/div>\n\t\t\t\t<\/div>\n\t\t<div class=\"elementor-element elementor-element-6804aed e-flex e-con-boxed e-con e-parent\" data-id=\"6804aed\" data-element_type=\"container\" data-e-type=\"container\">\n\t\t\t\t\t<div class=\"e-con-inner\">\n\t\t\t\t\t<\/div>\n\t\t\t\t<\/div>\n\t\t\t\t<\/div>\n\t\t","protected":false},"excerpt":{"rendered":"<p>Proyectos Nuestros Proyectos de Ayuda Humanitaria en \u00c1frica: Senegal En la Fundaci\u00f3n Amigos de La Pouponni\u00e8re, llevamos a cabo una serie de proyectos que tienen un impacto directo y positivo en la vida de los ni\u00f1os y ni\u00f1as de Senegal. A trav\u00e9s de estas iniciativas, buscamos brindarles oportunidades y recursos que les permitan crecer en &#8230; <a title=\"Projets\" class=\"read-more\" href=\"https:\/\/www.amigospouponniere.org\/fr\/proyectos\/\" aria-label=\"En savoir plus sur Projets\">Lire plus<\/a><\/p>\n","protected":false},"author":5,"featured_media":0,"parent":0,"menu_order":0,"comment_status":"closed","ping_status":"closed","template":"","meta":{"footnotes":""},"class_list":["post-1669","page","type-page","status-publish"],"yoast_head":"<!-- This site is optimized with the Yoast SEO plugin v27.4 - https:\/\/yoast.com\/product\/yoast-seo-wordpress\/ -->\n<title>Proyectos Ayuda Humanitaria | Fundaci\u00f3n Amigos de la Pouponni\u00e8re<\/title>\n<meta name=\"description\" content=\"Conoce todos nuestros proyectos de ayuda humanitaria en \u00c1frica. Nuestra fundaci\u00f3n trabaja en numerosos proyectos de ayuda centrados en Senegal.\" \/>\n<meta name=\"robots\" content=\"index, follow, max-snippet:-1, max-image-preview:large, max-video-preview:-1\" \/>\n<link rel=\"canonical\" href=\"https:\/\/www.amigospouponniere.org\/fr\/proyectos\/\" \/>\n<meta property=\"og:locale\" content=\"fr_FR\" \/>\n<meta property=\"og:type\" content=\"article\" \/>\n<meta property=\"og:title\" content=\"Proyectos Ayuda Humanitaria | Fundaci\u00f3n Amigos de la Pouponni\u00e8re\" \/>\n<meta property=\"og:description\" content=\"Conoce todos nuestros proyectos de ayuda humanitaria en \u00c1frica. Nuestra fundaci\u00f3n trabaja en numerosos proyectos de ayuda centrados en Senegal.\" \/>\n<meta property=\"og:url\" content=\"https:\/\/www.amigospouponniere.org\/fr\/proyectos\/\" \/>\n<meta property=\"og:site_name\" content=\"Amigos de Pouponnier\" \/>\n<meta property=\"article:modified_time\" content=\"2025-05-15T09:47:58+00:00\" \/>\n<meta property=\"og:image\" content=\"https:\/\/www.amigospouponniere.org\/wp-content\/uploads\/2024\/10\/proyectotop-691x1024.webp\" \/>\n<meta name=\"twitter:card\" content=\"summary_large_image\" \/>\n<meta name=\"twitter:label1\" content=\"Dur\u00e9e de lecture estim\u00e9e\" \/>\n\t<meta name=\"twitter:data1\" content=\"1 minute\" \/>\n<script type=\"application\/ld+json\" class=\"yoast-schema-graph\">{\"@context\":\"https:\\\/\\\/schema.org\",\"@graph\":[{\"@type\":\"WebPage\",\"@id\":\"https:\\\/\\\/www.amigospouponniere.org\\\/fr\\\/proyectos\\\/\",\"url\":\"https:\\\/\\\/www.amigospouponniere.org\\\/fr\\\/proyectos\\\/\",\"name\":\"Proyectos Ayuda Humanitaria | Fundaci\u00f3n Amigos de la Pouponni\u00e8re\",\"isPartOf\":{\"@id\":\"https:\\\/\\\/www.amigospouponniere.org\\\/fr\\\/#website\"},\"primaryImageOfPage\":{\"@id\":\"https:\\\/\\\/www.amigospouponniere.org\\\/fr\\\/proyectos\\\/#primaryimage\"},\"image\":{\"@id\":\"https:\\\/\\\/www.amigospouponniere.org\\\/fr\\\/proyectos\\\/#primaryimage\"},\"thumbnailUrl\":\"https:\\\/\\\/www.amigospouponniere.org\\\/wp-content\\\/uploads\\\/2024\\\/10\\\/proyectotop-691x1024.webp\",\"datePublished\":\"2024-10-01T09:17:48+00:00\",\"dateModified\":\"2025-05-15T09:47:58+00:00\",\"description\":\"Conoce todos nuestros proyectos de ayuda humanitaria en \u00c1frica. Nuestra fundaci\u00f3n trabaja en numerosos proyectos de ayuda centrados en Senegal.\",\"breadcrumb\":{\"@id\":\"https:\\\/\\\/www.amigospouponniere.org\\\/fr\\\/proyectos\\\/#breadcrumb\"},\"inLanguage\":\"fr-FR\",\"potentialAction\":[{\"@type\":\"ReadAction\",\"target\":[\"https:\\\/\\\/www.amigospouponniere.org\\\/fr\\\/proyectos\\\/\"]}]},{\"@type\":\"ImageObject\",\"inLanguage\":\"fr-FR\",\"@id\":\"https:\\\/\\\/www.amigospouponniere.org\\\/fr\\\/proyectos\\\/#primaryimage\",\"url\":\"https:\\\/\\\/www.amigospouponniere.org\\\/wp-content\\\/uploads\\\/2024\\\/10\\\/proyectotop-691x1024.webp\",\"contentUrl\":\"https:\\\/\\\/www.amigospouponniere.org\\\/wp-content\\\/uploads\\\/2024\\\/10\\\/proyectotop-691x1024.webp\"},{\"@type\":\"BreadcrumbList\",\"@id\":\"https:\\\/\\\/www.amigospouponniere.org\\\/fr\\\/proyectos\\\/#breadcrumb\",\"itemListElement\":[{\"@type\":\"ListItem\",\"position\":1,\"name\":\"Portada\",\"item\":\"https:\\\/\\\/www.amigospouponniere.org\\\/fr\\\/\"},{\"@type\":\"ListItem\",\"position\":2,\"name\":\"Projets\"}]},{\"@type\":\"WebSite\",\"@id\":\"https:\\\/\\\/www.amigospouponniere.org\\\/fr\\\/#website\",\"url\":\"https:\\\/\\\/www.amigospouponniere.org\\\/fr\\\/\",\"name\":\"Amigos de Pouponnier\",\"description\":\"Amigos de Pouponnier\",\"potentialAction\":[{\"@type\":\"SearchAction\",\"target\":{\"@type\":\"EntryPoint\",\"urlTemplate\":\"https:\\\/\\\/www.amigospouponniere.org\\\/fr\\\/?s={search_term_string}\"},\"query-input\":{\"@type\":\"PropertyValueSpecification\",\"valueRequired\":true,\"valueName\":\"search_term_string\"}}],\"inLanguage\":\"fr-FR\"}]}<\/script>\n<!-- \/ Yoast SEO plugin. -->","yoast_head_json":{"title":"Proyectos Ayuda Humanitaria | Fundaci\u00f3n Amigos de la Pouponni\u00e8re","description":"Conoce todos nuestros proyectos de ayuda humanitaria en \u00c1frica. Nuestra fundaci\u00f3n trabaja en numerosos proyectos de ayuda centrados en Senegal.","robots":{"index":"index","follow":"follow","max-snippet":"max-snippet:-1","max-image-preview":"max-image-preview:large","max-video-preview":"max-video-preview:-1"},"canonical":"https:\/\/www.amigospouponniere.org\/fr\/proyectos\/","og_locale":"fr_FR","og_type":"article","og_title":"Proyectos Ayuda Humanitaria | Fundaci\u00f3n Amigos de la Pouponni\u00e8re","og_description":"Conoce todos nuestros proyectos de ayuda humanitaria en \u00c1frica. Nuestra fundaci\u00f3n trabaja en numerosos proyectos de ayuda centrados en Senegal.","og_url":"https:\/\/www.amigospouponniere.org\/fr\/proyectos\/","og_site_name":"Amigos de Pouponnier","article_modified_time":"2025-05-15T09:47:58+00:00","og_image":[{"url":"https:\/\/www.amigospouponniere.org\/wp-content\/uploads\/2024\/10\/proyectotop-691x1024.webp","type":"","width":"","height":""}],"twitter_card":"summary_large_image","twitter_misc":{"Dur\u00e9e de lecture estim\u00e9e":"1 minute"},"schema":{"@context":"https:\/\/schema.org","@graph":[{"@type":"WebPage","@id":"https:\/\/www.amigospouponniere.org\/fr\/proyectos\/","url":"https:\/\/www.amigospouponniere.org\/fr\/proyectos\/","name":"Proyectos Ayuda Humanitaria | Fundaci\u00f3n Amigos de la Pouponni\u00e8re","isPartOf":{"@id":"https:\/\/www.amigospouponniere.org\/fr\/#website"},"primaryImageOfPage":{"@id":"https:\/\/www.amigospouponniere.org\/fr\/proyectos\/#primaryimage"},"image":{"@id":"https:\/\/www.amigospouponniere.org\/fr\/proyectos\/#primaryimage"},"thumbnailUrl":"https:\/\/www.amigospouponniere.org\/wp-content\/uploads\/2024\/10\/proyectotop-691x1024.webp","datePublished":"2024-10-01T09:17:48+00:00","dateModified":"2025-05-15T09:47:58+00:00","description":"Conoce todos nuestros proyectos de ayuda humanitaria en \u00c1frica. Nuestra fundaci\u00f3n trabaja en numerosos proyectos de ayuda centrados en Senegal.","breadcrumb":{"@id":"https:\/\/www.amigospouponniere.org\/fr\/proyectos\/#breadcrumb"},"inLanguage":"fr-FR","potentialAction":[{"@type":"ReadAction","target":["https:\/\/www.amigospouponniere.org\/fr\/proyectos\/"]}]},{"@type":"ImageObject","inLanguage":"fr-FR","@id":"https:\/\/www.amigospouponniere.org\/fr\/proyectos\/#primaryimage","url":"https:\/\/www.amigospouponniere.org\/wp-content\/uploads\/2024\/10\/proyectotop-691x1024.webp","contentUrl":"https:\/\/www.amigospouponniere.org\/wp-content\/uploads\/2024\/10\/proyectotop-691x1024.webp"},{"@type":"BreadcrumbList","@id":"https:\/\/www.amigospouponniere.org\/fr\/proyectos\/#breadcrumb","itemListElement":[{"@type":"ListItem","position":1,"name":"Portada","item":"https:\/\/www.amigospouponniere.org\/fr\/"},{"@type":"ListItem","position":2,"name":"Projets"}]},{"@type":"WebSite","@id":"https:\/\/www.amigospouponniere.org\/fr\/#website","url":"https:\/\/www.amigospouponniere.org\/fr\/","name":"Amigos de Pouponnier","description":"Amigos de Pouponnier","potentialAction":[{"@type":"SearchAction","target":{"@type":"EntryPoint","urlTemplate":"https:\/\/www.amigospouponniere.org\/fr\/?s={search_term_string}"},"query-input":{"@type":"PropertyValueSpecification","valueRequired":true,"valueName":"search_term_string"}}],"inLanguage":"fr-FR"}]}},"_links":{"self":[{"href":"https:\/\/www.amigospouponniere.org\/fr\/wp-json\/wp\/v2\/pages\/1669","targetHints":{"allow":["GET"]}}],"collection":[{"href":"https:\/\/www.amigospouponniere.org\/fr\/wp-json\/wp\/v2\/pages"}],"about":[{"href":"https:\/\/www.amigospouponniere.org\/fr\/wp-json\/wp\/v2\/types\/page"}],"author":[{"embeddable":true,"href":"https:\/\/www.amigospouponniere.org\/fr\/wp-json\/wp\/v2\/users\/5"}],"replies":[{"embeddable":true,"href":"https:\/\/www.amigospouponniere.org\/fr\/wp-json\/wp\/v2\/comments?post=1669"}],"version-history":[{"count":5,"href":"https:\/\/www.amigospouponniere.org\/fr\/wp-json\/wp\/v2\/pages\/1669\/revisions"}],"predecessor-version":[{"id":1674,"href":"https:\/\/www.amigospouponniere.org\/fr\/wp-json\/wp\/v2\/pages\/1669\/revisions\/1674"}],"wp:attachment":[{"href":"https:\/\/www.amigospouponniere.org\/fr\/wp-json\/wp\/v2\/media?parent=1669"}],"curies":[{"name":"wp","href":"https:\/\/api.w.org\/{rel}","templated":true}]}}